{"id":77041,"date":"2026-03-17T23:00:25","date_gmt":"2026-03-17T23:00:25","guid":{"rendered":"https:\/\/ezpayconnect.com\/?page_id=77041"},"modified":"2026-03-24T23:40:07","modified_gmt":"2026-03-24T23:40:07","slug":"bancos-e-intiticiones-financieras","status":"publish","type":"page","link":"https:\/\/ezpayconnect.com\/?page_id=77041","title":{"rendered":"BANCOS E INTITUCIONES FINANCIERAS"},"content":{"rendered":"\n<div class=\"wp-block-media-text has-media-on-the-right is-stacked-on-mobile\"><div class=\"wp-block-media-text__content\">\n<p class=\"has-normal-font-size\"><strong>Software Bancario para Bancos e Instituciones Financieras<\/strong><\/p>\n\n\n\n<p class=\"has-primary-font-family\">ZPayConnect ofrece software bancario y soluciones financieras que permiten a bancos, neobancos e instituciones financieras reguladas construir, modernizar y operar servicios de banca digital sobre una plataforma segura basada en ledger, alineada con est\u00e1ndares PCI DSS Nivel 1 e ISO 27001.<\/p>\n<\/div><figure class=\"wp-block-media-text__media\"><\/figure><\/div>\n\n\n\n<style>\n  :root {\n    --bg-dark: #000000;\n    --card-bg: #111111;\n    --accent-cyan: #00e5ff;\n    --text-primary: #ffffff;\n    --text-secondary: #b0b0b0;\n    --border-color: rgba(0, 229, 255, 0.15);\n    --success-green: #00ff88;\n  }\n\n  body { \n    font-family: 'Plus Jakarta Sans', -apple-system, sans-serif; \n    background-color: var(--bg-dark); \n    color: var(--text-primary);\n    line-height: 1.6; margin: 0; padding: 40px 20px;\n  }\n\n  .container { max-width: 1100px; margin: 0 auto; }\n\n  \/* ANIMACI\u00d3N REVEAL *\/\n  .reveal { \n    opacity: 0; \n    transform: translateY(20px); \n    transition: all 0.8s ease-out; \n  }\n  .reveal.active { \n    opacity: 1; \n    transform: translateY(0); \n  }\n\n  \/* CABECERA SECCI\u00d3N BANCARIA *\/\n  .hero-bank { text-align: center; margin-bottom: 70px; }\n  .hero-bank h1 { font-size: 38px; font-weight: 800; margin-bottom: 15px; }\n  .hero-bank .badge-pci { \n    display: inline-block; border: 1px solid var(--accent-cyan); \n    color: var(--accent-cyan); padding: 5px 15px; border-radius: 4px; \n    font-size: 12px; font-weight: bold; margin-bottom: 20px;\n    letter-spacing: 1px;\n  }\n\n  \/* SEGMENTOS *\/\n  .segment-grid { display: grid; grid-template-columns: repeat(auto-fit, minmax(300px, 1fr)); gap: 30px; margin: 50px 0; }\n  .segment-item { text-align: left; }\n  .segment-item i { color: var(--accent-cyan); font-size: 30px; display: block; margin-bottom: 15px; font-style: normal; }\n  .segment-item h3 { font-size: 20px; margin-bottom: 12px; color: var(--text-primary); }\n  .segment-item p { font-size: 14px; color: var(--text-secondary); }\n\n  \/* PRODUCTOS CORE CON LINKS ACTUALIZADOS *\/\n  .core-grid { display: grid; grid-template-columns: repeat(auto-fit, minmax(250px, 1fr)); gap: 25px; }\n  .core-card { \n    background: var(--card-bg); border: 1px solid var(--border-color); \n    padding: 30px; border-radius: 12px; transition: 0.3s;\n    display: flex; flex-direction: column; justify-content: space-between;\n  }\n  .core-card:hover { border-color: var(--accent-cyan); transform: translateY(-5px); box-shadow: 0 10px 30px rgba(0, 229, 255, 0.1); }\n  .core-card .status { color: var(--success-green); font-size: 11px; font-weight: bold; margin-bottom: 10px; display: block; letter-spacing: 1px; }\n  .core-card .status::before { content: \"\u25cf \"; }\n  .core-card h4 { margin: 0 0 15px; font-size: 19px; color: #fff; }\n  .core-card p { font-size: 14px; color: var(--text-secondary); margin-bottom: 25px; flex-grow: 1; }\n  \n  \/* ESTILO LINK\/BOT\u00d3N *\/\n  .core-card a { \n    color: var(--accent-cyan); \n    text-decoration: none; \n    font-size: 14px; \n    font-weight: 700; \n    display: inline-flex; \n    align-items: center; \n    transition: 0.3s;\n  }\n  .core-card a:hover { transform: translateX(5px); color: #fff; }\n\n  \/* DIFERENCIADORES *\/\n  .why-banks { display: grid; grid-template-columns: repeat(auto-fit, minmax(240px, 1fr)); gap: 40px; margin-top: 80px; }\n  .diff-item h3 { font-size: 20px; color: var(--accent-cyan); margin-bottom: 15px; }\n  .diff-item p { font-size: 14px; color: var(--text-secondary); }\n\n  .section-title { \n    text-align: center; font-size: 30px; margin: 80px 0 40px; \n    border-bottom: 1px solid var(--border-color); padding-bottom: 15px; \n  }\n<\/style>\n\n<div class=\"container\">\n\n  <header class=\"hero-bank reveal\">\n    <div class=\"badge-pci\">PCI-DSS CERTIFIED | KYC\/KYB\/AML | IBAN READY<\/div>\n    <h1>Dise\u00f1ado para Bancos Regulados e Instituciones Financieras<\/h1>\n    <p>Software dise\u00f1ado para instituciones que operan productos regulados y requieren control confiable sobre cuentas y flujos de pago.<\/p>\n  <\/header>\n\n  <div class=\"segment-grid\">\n    <div class=\"segment-item reveal\">\n      <i>&#x1f3db;&#xfe0f;<\/i>\n      <h3>Bancos Regulados<\/h3>\n      <p>Bancos retail y corporativos utilizan la plataforma para lanzar servicios digitales sin reemplazar toda su infraestructura core de una sola vez.<\/p>\n    <\/div>\n    <div class=\"segment-item reveal\">\n      <i>&#x1f4f1;<\/i>\n      <h3>Neobancos y Bancos Digitales<\/h3>\n      <p>Nativos digitales conf\u00edan en EZPayConnect para construir cuentas, pagos y tarjetas con control total v\u00eda API.<\/p>\n    <\/div>\n    <div class=\"segment-item reveal\">\n      <i>&#x1f6e1;&#xfe0f;<\/i>\n      <h3>EMIs e Instituciones Licenciadas<\/h3>\n      <p>Entidades de pago utilizan el software para gestionar saldos de clientes y mantener reportes regulatorios claros.<\/p>\n    <\/div>\n  <\/div>\n\n  <h2 class=\"section-title reveal\">El Core para Construir Productos Financieros<\/h2>\n  \n  <div class=\"core-grid\">\n    <div class=\"core-card reveal\">\n      <div>\n        <span class=\"status\">DISPONIBLE<\/span>\n        <h4>Software de Core Banking<\/h4>\n        <p>Contabilidad basada en ledger, gesti\u00f3n de cuentas y conectividad API para modernizar sistemas existentes.<\/p>\n      <\/div>\n      <a href=\"https:\/\/ezpayconnect.com\/?page_id=77203\">Ver p\u00e1gina de producto \u2192<\/a>\n    <\/div>\n\n    <div class=\"core-card reveal\">\n      <div>\n        <span class=\"status\">DISPONIBLE<\/span>\n        <h4>Banco Digital de Marca Blanca<\/h4>\n        <p>Software white-label para lanzar aplicaciones de banca digital de marca propia para retail y PYMEs.<\/p>\n      <\/div>\n      <a href=\"https:\/\/ezpayconnect.com\/?page_id=77205\">Ver p\u00e1gina de producto \u2192<\/a>\n    <\/div>\n\n    <div class=\"core-card reveal\">\n      <div>\n        <span class=\"status\">DISPONIBLE<\/span>\n        <h4>Software para Neobancos<\/h4>\n        <p>Habilita el lanzamiento de productos basados en cuentas, pagos y monederos sobre una base escalable.<\/p>\n      <\/div>\n      <a href=\"https:\/\/ezpayconnect.com\/?page_id=77208\">Ver p\u00e1gina de producto \u2192<\/a>\n    <\/div>\n\n    <div class=\"core-card reveal\">\n      <div>\n        <span class=\"status\">DISPONIBLE<\/span>\n        <h4>PSP y Procesamiento de Pagos<\/h4>\n        <p>Aceptaci\u00f3n de pagos, liquidaci\u00f3n y reconciliaci\u00f3n integrada con redes de pago y adquirentes.<\/p>\n      <\/div>\n      <a href=\"https:\/\/ezpayconnect.com\/?page_id=77210\">Ver p\u00e1gina de producto \u2192<\/a>\n    <\/div>\n  <\/div>\n\n  <h2 class=\"section-title reveal\">\u00bfPor qu\u00e9 los Bancos nos eligen?<\/h2>\n  \n  <div class=\"why-banks\">\n    <div class=\"diff-item reveal\">\n      <h3>Licencia de C\u00f3digo Fuente<\/h3>\n      <p>Acceso completo para adaptar el software a requerimientos regulatorios internos y eliminar el vendor lock-in.<\/p>\n    <\/div>\n    <div class=\"diff-item reveal\">\n      <h3>Reducci\u00f3n de Time-to-Market<\/h3>\n      <p>Componentes preconstruidos que permiten lanzar nuevos servicios financieros sin construir desde cero.<\/p>\n    <\/div>\n    <div class=\"diff-item reveal\">\n      <h3>Core Transaccional de Alto Rendimiento<\/h3>\n      <p>Basado en ledger para procesamiento en tiempo real, asegurando saldos precisos y consistencia.<\/p>\n    <\/div>\n    <div class=\"diff-item reveal\">\n      <h3>Arquitectura API-Driven<\/h3>\n      <p>Integraci\u00f3n fluida con sistemas core heredados y servicios financieros de terceros v\u00eda API-first.<\/p>\n    <\/div>\n  <\/div>\n\n<\/div>\n\n<script>\n  \/\/ L\u00f3gica para que los elementos aparezcan al hacer scroll\n  function reveal() {\n    var reveals = document.querySelectorAll(\".reveal\");\n    for (var i = 0; i < reveals.length; i++) {\n      var windowHeight = window.innerHeight;\n      var elementTop = reveals[i].getBoundingClientRect().top;\n      var elementVisible = 100;\n      if (elementTop < windowHeight - elementVisible) {\n        reveals[i].classList.add(\"active\");\n      }\n    }\n  }\n  window.addEventListener(\"scroll\", reveal);\n  window.onload = reveal; \/\/ Disparar al cargar\n<\/script>\n","protected":false},"excerpt":{"rendered":"<p>Software Bancario para Bancos e Instituciones Financieras ZPayConnect ofrece software bancario y soluciones financieras que permiten a bancos, neobancos e instituciones financieras reguladas construir, modernizar y operar servicios de banca digital sobre una plataforma segura basada en ledger, alineada con est\u00e1ndares PCI DSS Nivel 1 e ISO 27001. PCI-DSS CERTIFIED | KYC\/KYB\/AML | IBAN READY Dise\u00f1ado para Bancos Regulados e Instituciones Financieras Software dise\u00f1ado para instituciones que operan productos regulados y requieren control confiable sobre cuentas y flujos de pago. &#x1f3db;&#xfe0f; Bancos Regulados Bancos retail y corporativos utilizan la plataforma para lanzar servicios digitales sin reemplazar toda su infraestructura core<\/p>\n","protected":false},"author":1,"featured_media":0,"parent":0,"menu_order":0,"comment_status":"closed","ping_status":"closed","template":"","meta":{"footnotes":""},"class_list":["post-77041","page","type-page","status-publish","hentry"],"_links":{"self":[{"href":"https:\/\/ezpayconnect.com\/index.php?rest_route=\/wp\/v2\/pages\/77041","targetHints":{"allow":["GET"]}}],"collection":[{"href":"https:\/\/ezpayconnect.com\/index.php?rest_route=\/wp\/v2\/pages"}],"about":[{"href":"https:\/\/ezpayconnect.com\/index.php?rest_route=\/wp\/v2\/types\/page"}],"author":[{"embeddable":true,"href":"https:\/\/ezpayconnect.com\/index.php?rest_route=\/wp\/v2\/users\/1"}],"replies":[{"embeddable":true,"href":"https:\/\/ezpayconnect.com\/index.php?rest_route=%2Fwp%2Fv2%2Fcomments&post=77041"}],"version-history":[{"count":3,"href":"https:\/\/ezpayconnect.com\/index.php?rest_route=\/wp\/v2\/pages\/77041\/revisions"}],"predecessor-version":[{"id":77212,"href":"https:\/\/ezpayconnect.com\/index.php?rest_route=\/wp\/v2\/pages\/77041\/revisions\/77212"}],"wp:attachment":[{"href":"https:\/\/ezpayconnect.com\/index.php?rest_route=%2Fwp%2Fv2%2Fmedia&parent=77041"}],"curies":[{"name":"wp","href":"https:\/\/api.w.org\/{rel}","templated":true}]}}