{"id":77031,"date":"2026-03-17T21:49:28","date_gmt":"2026-03-17T21:49:28","guid":{"rendered":"https:\/\/ezpayconnect.com\/?page_id=77031"},"modified":"2026-03-23T22:56:46","modified_gmt":"2026-03-23T22:56:46","slug":"precios-saas","status":"publish","type":"page","link":"https:\/\/ezpayconnect.com\/?page_id=77031","title":{"rendered":"PRECIOS SAAS"},"content":{"rendered":"\n<style>\n  :root {\n    --bg-dark: #000000;\n    --card-bg: rgba(17, 17, 17, 0.8);\n    --accent-cyan: #00e5ff;\n    --text-primary: #ffffff;\n    --text-secondary: #b0b0b0;\n    --row-alt: rgba(255, 255, 255, 0.02);\n  }\n\n  body { \n    font-family: 'Inter', sans-serif; \n    \/* Fondo degradado azulado profundo *\/\n    background: radial-gradient(circle at top right, rgba(0, 229, 255, 0.15), #000000 60%);\n    color: var(--text-primary);\n    padding: 60px 20px;\n    margin: 0;\n    overflow-x: hidden;\n  }\n\n  \/* ANIMACIONES DE ENTRADA *\/\n  @keyframes fadeInUp {\n    from { opacity: 0; transform: translateY(30px); }\n    to { opacity: 1; transform: translateY(0); }\n  }\n\n  @keyframes gradientText {\n    0% { background-position: 0% 50%; }\n    50% { background-position: 100% 50%; }\n    100% { background-position: 0% 50%; }\n  }\n\n  \/* T\u00cdTULO ANIMADO Y BONITO *\/\n  .pricing-header {\n    text-align: center;\n    margin-bottom: 60px;\n    animation: fadeInUp 0.8s ease-out;\n  }\n\n  .pricing-header h1 { \n    font-size: 52px; \n    margin: 0; \n    font-weight: 900;\n    background: linear-gradient(-45deg, #ffffff, var(--accent-cyan), #ffffff, #0088ff);\n    background-size: 300%;\n    -webkit-background-clip: text;\n    -webkit-text-fill-color: transparent;\n    animation: gradientText 5s ease infinite;\n    letter-spacing: -1.5px;\n  }\n\n  .pricing-header p { \n    font-size: 20px; \n    color: var(--text-secondary); \n    margin-top: 15px; \n    max-width: 700px;\n    margin-left: auto;\n    margin-right: auto;\n  }\n\n  \/* TABLA CON EFECTO GLASSMORPHISM *\/\n  .features-table-container {\n    max-width: 1100px;\n    margin: 0 auto 80px;\n    overflow-x: auto;\n    animation: fadeInUp 1s ease-out;\n    backdrop-filter: blur(10px);\n    border-radius: 16px;\n    border: 1px solid rgba(255,255,255,0.05);\n  }\n\n  .feat-table { width: 100%; border-collapse: collapse; }\n  .feat-table th { padding: 25px 20px; text-align: left; background: rgba(255,255,255,0.03); }\n  .feat-table th span { display: block; font-size: 11px; color: var(--accent-cyan); text-transform: uppercase; letter-spacing: 1px; margin-top: 5px; }\n  .feat-table td { padding: 20px; border-bottom: 1px solid rgba(255,255,255,0.05); }\n  .feat-table tr:nth-child(even) { background: var(--row-alt); }\n\n  .feature-name { font-weight: 700; font-size: 16px; color: var(--text-primary); }\n  .feature-desc { display: block; font-size: 12px; color: var(--text-secondary); margin-top: 4px; }\n  .check-cell { text-align: center; color: var(--accent-cyan); font-size: 20px; text-shadow: 0 0 10px var(--accent-cyan); }\n  .lang-cell { font-size: 12px; color: var(--text-secondary); text-align: center; }\n\n  \/* BOT\u00d3N CON PULSACI\u00d3N LENTA *\/\n  @keyframes pulseGlow {\n    0% { box-shadow: 0 0 5px rgba(0, 229, 255, 0.2); }\n    50% { box-shadow: 0 0 25px rgba(0, 229, 255, 0.6); }\n    100% { box-shadow: 0 0 5px rgba(0, 229, 255, 0.2); }\n  }\n\n  .cta-container { \n    text-align: center; \n    margin: 60px 0;\n    animation: fadeInUp 1.2s ease-out;\n  }\n\n  .btn-cyan {\n    background: var(--accent-cyan);\n    color: black;\n    padding: 20px 50px;\n    border-radius: 50px;\n    text-decoration: none;\n    font-weight: 800;\n    text-transform: uppercase;\n    transition: all 0.3s ease;\n    display: inline-block;\n    letter-spacing: 1px;\n    animation: pulseGlow 2s infinite ease-in-out;\n    border: none;\n  }\n\n  .btn-cyan:hover { \n    transform: scale(1.08) translateY(-3px); \n    background-color: #ffffff;\n    box-shadow: 0 10px 40px rgba(0, 229, 255, 0.8);\n  }\n\n  \/* INTERFACES *\/\n  .interfaces-section {\n    display: flex;\n    align-items: center;\n    max-width: 1100px;\n    margin: 100px auto;\n    gap: 50px;\n    animation: fadeInUp 1.4s ease-out;\n  }\n  .interfaces-text h2 { font-size: 40px; margin-bottom: 20px; line-height: 1.1; font-weight: 800; }\n  .interfaces-text p { color: var(--text-secondary); font-size: 18px; line-height: 1.6; }\n  .mockup { \n    width: 100%; border-radius: 20px; \n    border: 1px solid rgba(0, 229, 255, 0.2);\n    box-shadow: 0 30px 60px rgba(0,0,0,0.8);\n    transition: 0.5s;\n  }\n  .mockup:hover { transform: rotate(-1deg) scale(1.02); }\n<\/style>\n\n<div class=\"pricing-header\">\n  <h1>Acceso Integral. Sin L\u00edmites.<\/h1>\n  <p>Obtenga una soluci\u00f3n empresarial completa con todas las funcionalidades activas desde el primer d\u00eda.<\/p>\n<\/div>\n\n<div class=\"features-table-container\">\n  <table class=\"feat-table\">\n    <thead>\n      <tr>\n        <th style=\"width: 30%;\">Nuestra Tecnolog\u00eda<\/th>\n        <th style=\"width: 17.5%;\">Backend API<span>Integral<\/span><\/th>\n        <th style=\"width: 17.5%;\">Admin Back-office<span>Gesti\u00f3n<\/span><\/th>\n        <th style=\"width: 17.5%;\">App iOS\/Android<span>Usuarios<\/span><\/th>\n        <th style=\"width: 17.5%;\">Merchant Portal<span>Pagos<\/span><\/th>\n      <\/tr>\n    <\/thead>\n    <tbody>\n      <tr>\n        <td>\n          <span class=\"feature-name\">Soporte Premium<\/span>\n          <span class=\"feature-desc\">Atenci\u00f3n humana 24\/7 especializada<\/span>\n        <\/td>\n        <td class=\"check-cell\">&#x2714;<\/td>\n        <td class=\"check-cell\">&#x2714;<\/td>\n        <td class=\"check-cell\">&#x2714;<\/td>\n        <td class=\"check-cell\">&#x2714;<\/td>\n      <\/tr>\n      <tr>\n        <td>\n          <span class=\"feature-name\">Actualizaciones Progresivas<\/span>\n          <span class=\"feature-desc\">Tecnolog\u00eda LTS y nuevas funciones<\/span>\n        <\/td>\n        <td class=\"check-cell\">&#x2714;<\/td>\n        <td class=\"check-cell\">&#x2714;<\/td>\n        <td class=\"check-cell\">&#x2714;<\/td>\n        <td class=\"check-cell\">&#x2714;<\/td>\n      <\/tr>\n      <tr>\n        <td>\n          <span class=\"feature-name\">Infraestructura Soberana<\/span>\n          <span class=\"feature-desc\">Entorno dedicado y control de datos<\/span>\n        <\/td>\n        <td class=\"check-cell\">&#x2714;<\/td>\n        <td class=\"check-cell\">&#x2714;<\/td>\n        <td class=\"check-cell\">&#x2714;<\/td>\n        <td class=\"check-cell\">&#x2714;<\/td>\n      <\/tr>\n      <tr>\n        <td>\n          <span class=\"feature-name\">Integraciones Ready<\/span>\n          <span class=\"feature-desc\">Ecosistema de proveedores pre-integrados<\/span>\n        <\/td>\n        <td class=\"check-cell\">&#x2714;<\/td>\n        <td class=\"check-cell\">&#x2714;<\/td>\n        <td class=\"check-cell\">&#x2714;<\/td>\n        <td class=\"check-cell\">&#x2714;<\/td>\n      <\/tr>\n      <tr>\n        <td>\n          <span class=\"feature-name\">Idiomas Globales<\/span>\n          <span class=\"feature-desc\">Multiling\u00fcismo nativo<\/span>\n        <\/td>\n        <td class=\"lang-cell\">English<\/td>\n        <td class=\"lang-cell\">English &#038; Spanish<\/td>\n        <td class=\"lang-cell\">Multiling\u00fce<\/td>\n        <td class=\"lang-cell\">English<\/td>\n      <\/tr>\n    <\/tbody>\n  <\/table>\n\n  <div class=\"cta-container\">\n    <a href=\"https:\/\/ezpayconnect.com\/?page_id=77147\" class=\"btn-cyan\">&#x1f4e9; Pedir una Cotizaci\u00f3n Ahora<\/a>\n  <\/div>\n<\/div>\n\n<div class=\"interfaces-section\">\n  <div class=\"interfaces-text\">\n    <h2>Ahorre tiempo con interfaces preconstruidas<\/h2>\n    <p>Web, iOS, y Android apps incluidas en la entrega. Elimine ciclos de desarrollo desde cero y reduzca su time-to-market dr\u00e1sticamente.<\/p>\n  <\/div>\n  <div class=\"interfaces-img\">\n    <img decoding=\"async\" src=\"https:\/\/via.placeholder.com\/600x400\/0a0a0a\/00e5ff?text=Ezpay+Dashboard+Preview\" alt=\"Mockup\" class=\"mockup\">\n  <\/div>\n<\/div>\n","protected":false},"excerpt":{"rendered":"<p>Acceso Integral. Sin L\u00edmites. Obtenga una soluci\u00f3n empresarial completa con todas las funcionalidades activas desde el primer d\u00eda. Nuestra Tecnolog\u00eda Backend APIIntegral Admin Back-officeGesti\u00f3n App iOS\/AndroidUsuarios Merchant PortalPagos Soporte Premium Atenci\u00f3n humana 24\/7 especializada &#x2714; &#x2714; &#x2714; &#x2714; Actualizaciones Progresivas Tecnolog\u00eda LTS y nuevas funciones &#x2714; &#x2714; &#x2714; &#x2714; Infraestructura Soberana Entorno dedicado y control de datos &#x2714; &#x2714; &#x2714; &#x2714; Integraciones Ready Ecosistema de proveedores pre-integrados &#x2714; &#x2714; &#x2714; &#x2714; Idiomas Globales Multiling\u00fcismo nativo English English &#038; Spanish Multiling\u00fce English &#x1f4e9; Pedir una Cotizaci\u00f3n Ahora Ahorre tiempo con interfaces preconstruidas Web, iOS, y Android apps incluidas en la entrega.<\/p>\n","protected":false},"author":1,"featured_media":0,"parent":0,"menu_order":0,"comment_status":"closed","ping_status":"closed","template":"","meta":{"footnotes":""},"class_list":["post-77031","page","type-page","status-publish","hentry"],"_links":{"self":[{"href":"https:\/\/ezpayconnect.com\/index.php?rest_route=\/wp\/v2\/pages\/77031","targetHints":{"allow":["GET"]}}],"collection":[{"href":"https:\/\/ezpayconnect.com\/index.php?rest_route=\/wp\/v2\/pages"}],"about":[{"href":"https:\/\/ezpayconnect.com\/index.php?rest_route=\/wp\/v2\/types\/page"}],"author":[{"embeddable":true,"href":"https:\/\/ezpayconnect.com\/index.php?rest_route=\/wp\/v2\/users\/1"}],"replies":[{"embeddable":true,"href":"https:\/\/ezpayconnect.com\/index.php?rest_route=%2Fwp%2Fv2%2Fcomments&post=77031"}],"version-history":[{"count":3,"href":"https:\/\/ezpayconnect.com\/index.php?rest_route=\/wp\/v2\/pages\/77031\/revisions"}],"predecessor-version":[{"id":77152,"href":"https:\/\/ezpayconnect.com\/index.php?rest_route=\/wp\/v2\/pages\/77031\/revisions\/77152"}],"wp:attachment":[{"href":"https:\/\/ezpayconnect.com\/index.php?rest_route=%2Fwp%2Fv2%2Fmedia&parent=77031"}],"curies":[{"name":"wp","href":"https:\/\/api.w.org\/{rel}","templated":true}]}}