{"id":76976,"date":"2026-03-17T16:50:41","date_gmt":"2026-03-17T16:50:41","guid":{"rendered":"https:\/\/ezpayconnect.com\/?page_id=76976"},"modified":"2026-04-08T20:55:51","modified_gmt":"2026-04-08T20:55:51","slug":"codigo-fuente","status":"publish","type":"page","link":"https:\/\/ezpayconnect.com\/?page_id=76976","title":{"rendered":"C\u00d3DIGO FUENTE"},"content":{"rendered":"\n<h2 class=\"wp-block-heading has-text-align-center\">Licencia de c\u00f3digo fuente de nivel empresarial<\/h2>\n\n\n\n<p class=\"has-text-align-center has-primary-font-family\" style=\"font-size:21px;font-style:normal;font-weight:200\"><strong>Desarrolle sus productos financieros sobre una plataforma escalable con certificaci\u00f3n PCI DSS y con control total del c\u00f3digo fuente. Personalice las funciones, int\u00e9grelas con los sistemas existentes e innove libremente, sin depender de un proveedor espec\u00edfico.<\/strong><\/p>\n\n\n\n<p class=\"has-small-font-size\" style=\"line-height:1.7\">Lo que obtienes con la licencia del c\u00f3digo fuente de Ezpayconnect:<\/p>\n\n\n\n<div class=\"wp-block-group is-layout-constrained wp-block-group-is-layout-constrained\">\n<div class=\"wp-block-group has-zeever-bgsoft-background-color has-background is-layout-constrained wp-container-core-group-is-layout-22177b6a wp-block-group-is-layout-constrained\" style=\"padding-top:100px;padding-bottom:100px\">\n<div class=\"wp-block-columns is-layout-flex wp-container-core-columns-is-layout-28f84493 wp-block-columns-is-layout-flex\">\n<div class=\"wp-block-column is-layout-flow wp-block-column-is-layout-flow\">\n<div class=\"wp-block-group is-layout-flow wp-block-group-is-layout-flow\">\n<div class=\"wp-block-columns is-layout-flex wp-container-core-columns-is-layout-28f84493 wp-block-columns-is-layout-flex\">\n<div class=\"wp-block-column is-layout-flow wp-block-column-is-layout-flow\">\n<h6 class=\"wp-block-heading has-text-align-center is-style-lineseparator zeever-animate zeever-move-right zeever-delay-1 has-zeever-primary-color has-text-color has-heading-2-font-size\">BENEFICIOS <\/h6>\n\n\n\n<h2 class=\"wp-block-heading has-text-align-left zeever-animate zeever-move-right zeever-delay-3 has-zeever-secondary-color has-text-color has-tiny-font-size\" style=\"font-style:normal;font-weight:500;text-transform:uppercase\">Lo que obtienes con la licencia del c\u00f3digo fuente de Ezpayconnect:<\/h2>\n<\/div>\n\n\n\n<div class=\"wp-block-column is-layout-flow wp-block-column-is-layout-flow\"><\/div>\n<\/div>\n<\/div>\n\n\n\n<div class=\"wp-block-group zeever-animate zeever-move-up zeever-delay-3 is-layout-constrained wp-container-core-group-is-layout-32cee7d8 wp-block-group-is-layout-constrained\" style=\"padding-top:40px\">\n<div class=\"wp-block-columns is-layout-flex wp-container-core-columns-is-layout-28f84493 wp-block-columns-is-layout-flex\">\n<div class=\"wp-block-column is-style-customborderbottomhover zeever-animate zeever-move-up zeever-delay-1 has-background is-layout-flow wp-block-column-is-layout-flow\" style=\"background-color:#121212;padding-top:50px;padding-right:40px;padding-bottom:50px;padding-left:40px\">\n<figure class=\"wp-block-image size-full is-resized\"><img decoding=\"async\" src=\"https:\/\/ezpayconnect.com\/wp-content\/themes\/zeever\/assets\/img\/strategy.webp\" alt=\"\" class=\"wp-image-135\" style=\"width:50px;height:50px\"\/><\/figure>\n\n\n\n<h2 class=\"wp-block-heading has-text-align-left has-zeever-primary-color has-text-color has-heading-3-font-size\" style=\"margin-top:30px;margin-bottom:20px\">Actualizaciones continuas<\/h2>\n\n\n\n<p class=\"has-text-align-left has-zeever-bodytext-color has-text-color\" style=\"font-size:14px\">Mantenga la capacidad de personalizar y escalar su soluci\u00f3n, al tiempo que se beneficia de nuestras actualizaciones, parches y mejoras peri\u00f3dicas<\/p>\n<\/div>\n\n\n\n<div class=\"wp-block-column is-style-customborderbottom zeever-animate zeever-move-up zeever-delay-3 has-zeever-secondary-background-color has-background is-layout-flow wp-block-column-is-layout-flow\" style=\"padding-top:50px;padding-right:40px;padding-bottom:0px;padding-left:40px\">\n<figure class=\"wp-block-image size-full is-resized\"><img decoding=\"async\" src=\"https:\/\/ezpayconnect.com\/wp-content\/themes\/zeever\/assets\/img\/ui-design.webp\" alt=\"\" class=\"wp-image-130\" style=\"width:50px;height:50px\"\/><\/figure>\n\n\n\n<h2 class=\"wp-block-heading has-text-align-left has-black-color has-text-color has-heading-3-font-size\" style=\"margin-top:20px;font-style:normal;font-weight:600\">Infraestructura de su elecci\u00f3n<\/h2>\n\n\n\n<p class=\"has-text-align-left has-zeever-bgsoft-color has-text-color\">Benef\u00edciese de la libertad de alojar la infraestructura donde usted elija, ya sea en sus propias instalaciones para cumplir con las regulaciones locales o a trav\u00e9s de proveedores de nube (AWS, Azure, Oracle, GCP, Huawei, IBM Cloud).<\/p>\n<\/div>\n\n\n\n<div class=\"wp-block-column is-style-customborderbottomhover zeever-animate zeever-move-up zeever-delay-5 has-background is-layout-flow wp-block-column-is-layout-flow\" style=\"background-color:#121212;padding-top:50px;padding-right:40px;padding-bottom:50px;padding-left:40px\">\n<figure class=\"wp-block-image size-full is-resized\"><img decoding=\"async\" src=\"https:\/\/ezpayconnect.com\/wp-content\/themes\/zeever\/assets\/img\/content.webp\" alt=\"\" class=\"wp-image-133\" style=\"width:50px;height:50px\"\/><\/figure>\n\n\n\n<h2 class=\"wp-block-heading has-text-align-left has-zeever-primary-color has-text-color has-heading-3-font-size\" style=\"margin-top:30px;margin-bottom:20px;font-style:normal;font-weight:600\">Control total de la plataforma<\/h2>\n\n\n\n<p class=\"has-text-align-left has-zeever-bodytext-color has-text-color\" style=\"font-size:14px\">Ajuste la plataforma exactamente a lo que su negocio necesita, sin restricciones ni dependencia de un proveedor. Puede cambiar las funciones que ya tiene, agregar nuevas y redise\u00f1ar su soluci\u00f3n FinTech conforme evolucionen las necesidades del mercado.<\/p>\n<\/div>\n<\/div>\n<\/div>\n\n\n\n<div class=\"wp-block-group zeever-animate zeever-move-up zeever-delay-3 is-layout-constrained wp-container-core-group-is-layout-32cee7d8 wp-block-group-is-layout-constrained\" style=\"padding-top:40px\">\n<div class=\"wp-block-columns is-layout-flex wp-container-core-columns-is-layout-28f84493 wp-block-columns-is-layout-flex\">\n<div class=\"wp-block-column is-style-customborderbottomhover zeever-animate zeever-move-up zeever-delay-3 has-background is-layout-flow wp-block-column-is-layout-flow\" style=\"background-color:#121212;padding-top:50px;padding-right:40px;padding-bottom:50px;padding-left:40px\">\n<figure class=\"wp-block-image size-full is-resized\"><img decoding=\"async\" src=\"https:\/\/ezpayconnect.com\/wp-content\/themes\/zeever\/assets\/img\/web.webp\" alt=\"\" class=\"wp-image-132\" style=\"width:50px;height:50px\"\/><\/figure>\n\n\n\n<h2 class=\"wp-block-heading has-text-align-left has-zeever-primary-color has-text-color has-heading-3-font-size\" style=\"margin-top:20px;font-style:normal;font-weight:600\">Herramientas de integraci\u00f3n robustas<\/h2>\n\n\n\n<p class=\"has-text-align-left has-zeever-bodytext-color has-text-color\">Aproveche nuestras integraciones integradas y nuestro marco modular, que permiten conexiones fluidas con bancos, pasarelas de pago, sistemas AML\/KYC\/KYB y proveedores de emisi\u00f3n de tarjetas de su elecci\u00f3n.<\/p>\n<\/div>\n<\/div>\n<\/div>\n<\/div>\n<\/div>\n<\/div>\n<\/div>\n\n\n\n<p><\/p>\n","protected":false},"excerpt":{"rendered":"<p>Licencia de c\u00f3digo fuente de nivel empresarial Desarrolle sus productos financieros sobre una plataforma escalable con certificaci\u00f3n PCI DSS y con control total del c\u00f3digo fuente. Personalice las funciones, int\u00e9grelas con los sistemas existentes e innove libremente, sin depender de un proveedor espec\u00edfico. Lo que obtienes con la licencia del c\u00f3digo fuente de Ezpayconnect: BENEFICIOS Lo que obtienes con la licencia del c\u00f3digo fuente de Ezpayconnect: Actualizaciones continuas Mantenga la capacidad de personalizar y escalar su soluci\u00f3n, al tiempo que se beneficia de nuestras actualizaciones, parches y mejoras peri\u00f3dicas Infraestructura de su elecci\u00f3n Benef\u00edciese de la libertad de alojar la<\/p>\n","protected":false},"author":1,"featured_media":0,"parent":0,"menu_order":0,"comment_status":"closed","ping_status":"closed","template":"","meta":{"footnotes":""},"class_list":["post-76976","page","type-page","status-publish","hentry"],"_links":{"self":[{"href":"https:\/\/ezpayconnect.com\/index.php?rest_route=\/wp\/v2\/pages\/76976","targetHints":{"allow":["GET"]}}],"collection":[{"href":"https:\/\/ezpayconnect.com\/index.php?rest_route=\/wp\/v2\/pages"}],"about":[{"href":"https:\/\/ezpayconnect.com\/index.php?rest_route=\/wp\/v2\/types\/page"}],"author":[{"embeddable":true,"href":"https:\/\/ezpayconnect.com\/index.php?rest_route=\/wp\/v2\/users\/1"}],"replies":[{"embeddable":true,"href":"https:\/\/ezpayconnect.com\/index.php?rest_route=%2Fwp%2Fv2%2Fcomments&post=76976"}],"version-history":[{"count":11,"href":"https:\/\/ezpayconnect.com\/index.php?rest_route=\/wp\/v2\/pages\/76976\/revisions"}],"predecessor-version":[{"id":77309,"href":"https:\/\/ezpayconnect.com\/index.php?rest_route=\/wp\/v2\/pages\/76976\/revisions\/77309"}],"wp:attachment":[{"href":"https:\/\/ezpayconnect.com\/index.php?rest_route=%2Fwp%2Fv2%2Fmedia&parent=76976"}],"curies":[{"name":"wp","href":"https:\/\/api.w.org\/{rel}","templated":true}]}}