{"id":76636,"date":"2026-02-18T01:28:46","date_gmt":"2026-02-18T01:28:46","guid":{"rendered":"https:\/\/ezpayconnect.com\/?page_id=76636"},"modified":"2026-03-10T23:00:08","modified_gmt":"2026-03-10T23:00:08","slug":"home","status":"publish","type":"page","link":"https:\/\/ezpayconnect.com\/","title":{"rendered":"Home"},"content":{"rendered":"<div data-colibri-id=\"76636-c1\" class=\"style-196 style-local-76636-c1 position-relative\">\n  <!----><\/p>\n<div data-colibri-component=\"section\" data-colibri-id=\"76636-c2\" id=\"about\" class=\"h-section h-section-global-spacing d-flex align-items-lg-start align-items-md-start align-items-start style-205 style-local-76636-c2 position-relative\">\n    <!----><br \/>\n    <!----><\/p>\n<div class=\"h-section-grid-container h-section-boxed-container\">\n      <!----><\/p>\n<div data-colibri-id=\"76636-c3\" class=\"h-row-container gutters-row-lg-0 gutters-row-md-0 gutters-row-0 gutters-row-v-lg-0 gutters-row-v-md-0 gutters-row-v-0 style-206 style-local-76636-c3 position-relative\">\n        <!----><\/p>\n<div class=\"h-row justify-content-lg-center justify-content-md-center justify-content-center align-items-lg-stretch align-items-md-stretch align-items-stretch gutters-col-lg-0 gutters-col-md-0 gutters-col-0 gutters-col-v-lg-0 gutters-col-v-md-0 gutters-col-v-0\">\n          <!----><\/p>\n<div class=\"h-column h-column-container d-flex h-col-lg-auto h-col-md-auto h-col-auto style-207-outer style-local-76636-c4-outer\">\n<div data-colibri-id=\"76636-c4\" class=\"d-flex h-flex-basis h-column__inner h-px-lg-0 h-px-md-0 h-px-0 v-inner-lg-0 v-inner-md-0 v-inner-0 style-207 style-local-76636-c4 position-relative\">\n              <!----><br \/>\n              <!----><\/p>\n<div class=\"w-100 h-y-container h-column__content h-column__v-align flex-basis-100 align-self-lg-start align-self-md-start align-self-start\">\n                <!----><\/p>\n<div data-colibri-id=\"76636-c5\" class=\"h-global-transition-all h-heading style-208 style-local-76636-c5 position-relative h-element\">\n                  <!----><\/p>\n<div class=\"h-heading__outer style-208 style-local-76636-c5\">\n                    <!----><br \/>\n                    <!----><\/p>\n<h5 class=\"\">About us<\/h5>\n<\/p><\/div>\n<\/p><\/div>\n<div data-colibri-id=\"76636-c6\" class=\"h-global-transition-all h-heading style-209 style-local-76636-c6 position-relative h-element\">\n                  <!----><\/p>\n<div class=\"h-heading__outer style-209 style-local-76636-c6\">\n                    <!----><br \/>\n                    <!----><\/p>\n<h2 class=\"\">Disfruta del mejor dise\u00f1o y funciones combinadas<\/h2>\n<\/p><\/div>\n<\/p><\/div>\n<div data-colibri-id=\"76636-c7\" class=\"h-text h-text-component style-210 style-local-76636-c7 position-relative h-element\">\n                  <!----><br \/>\n                  <!----><\/p>\n<div class=\"\">\n<p>Disfruta del mejor dise\u00f1o y funciones combinadas en una sola plataforma, creada para ofrecerte una experiencia moderna, intuitiva y eficiente que se adapta a las necesidades de tu negocio financiero.<\/p>\n<p>\n                      \n                    <\/p>\n<\/p><\/div>\n<\/p><\/div>\n<\/p><\/div>\n<\/p><\/div>\n<\/p><\/div>\n<div class=\"h-column h-column-container d-flex h-col-lg-auto h-col-md-auto h-col-auto style-211-outer style-local-76636-c8-outer\">\n<div data-colibri-id=\"76636-c8\" class=\"d-flex h-flex-basis h-column__inner h-ui-empty-state-container h-px-lg-2 h-px-md-2 h-px-2 v-inner-lg-2 v-inner-md-2 v-inner-2 style-211 style-local-76636-c8 position-relative\">\n              <!----><br \/>\n              <!----><\/p>\n<div class=\"w-100 h-y-container h-column__content h-column__v-align flex-basis-100\">\n                <!---->\n              <\/div>\n<\/p><\/div>\n<\/p><\/div>\n<\/p><\/div>\n<\/p><\/div>\n<\/p><\/div>\n<\/p><\/div>\n<div data-colibri-component=\"section\" data-colibri-id=\"76636-c13\" id=\"features\" class=\"h-section h-section-global-spacing d-flex align-items-lg-center align-items-md-center align-items-center style-236 style-local-76636-c13 position-relative\">\n    <!----><br \/>\n    <!----><\/p>\n<div class=\"h-section-grid-container h-section-boxed-container\">\n<div data-colibri-id=\"76636-c39\" class=\"h-row-container gutters-row-lg-2 gutters-row-md-2 gutters-row-0 gutters-row-v-lg-2 gutters-row-v-md-2 gutters-row-v-2 style-247 style-local-76636-c39 position-relative\">\n        <!----><\/p>\n<div class=\"h-row justify-content-lg-center justify-content-md-center justify-content-center align-items-lg-stretch align-items-md-stretch align-items-stretch gutters-col-lg-2 gutters-col-md-2 gutters-col-0 gutters-col-v-lg-2 gutters-col-v-md-2 gutters-col-v-2\">\n          <!----><\/p>\n<div class=\"h-column h-column-container d-flex h-col-lg-auto h-col-md-auto h-col-auto style-248-outer style-local-76636-c40-outer\">\n<div data-colibri-id=\"76636-c40\" class=\"d-flex h-flex-basis h-column__inner h-px-lg-2 h-px-md-2 h-px-2 v-inner-lg-2 v-inner-md-2 v-inner-2 style-248 style-local-76636-c40 position-relative\">\n              <!----><br \/>\n              <!----><\/p>\n<div class=\"w-100 h-y-container h-column__content h-column__v-align flex-basis-100 align-self-lg-start align-self-md-start align-self-start\">\n                <!----><\/p>\n<div data-colibri-id=\"76636-c41\" class=\"h-global-transition-all h-heading style-249 style-local-76636-c41 position-relative h-element\">\n                  <!----><\/p>\n<div class=\"h-heading__outer style-249 style-local-76636-c41\">\n                    <!----><br \/>\n                    <!----><\/p>\n<h2 class=\"\">Tecnolog\u00eda financiera que impulsa tu negocio<\/h2>\n<\/p><\/div>\n<\/p><\/div>\n<div data-colibri-id=\"76636-c42\" class=\"h-lead h-text h-text-component style-250 style-local-76636-c42 position-relative h-element\">\n                  <!----><br \/>\n                  <!----><\/p>\n<div class=\"\">\n<p>Desarrollamos soluciones de tecnolog\u00eda financiera seguras, escalables y modernas que integran billeteras digitales, banca electr\u00f3nica, pagos globales y finanzas avanzadas en una sola plataforma.<\/p>\n<\/p><\/div>\n<\/p><\/div>\n<\/p><\/div>\n<\/p><\/div>\n<\/p><\/div>\n<\/p><\/div>\n<\/p><\/div>\n<div data-colibri-id=\"76636-c14\" class=\"h-row-container gutters-row-lg-2 gutters-row-md-2 gutters-row-2 gutters-row-v-lg-2 gutters-row-v-md-2 gutters-row-v-2 style-237 style-local-76636-c14 position-relative\">\n        <!----><\/p>\n<div class=\"h-row justify-content-lg-center justify-content-md-center justify-content-center align-items-lg-stretch align-items-md-stretch align-items-stretch gutters-col-lg-2 gutters-col-md-2 gutters-col-2 gutters-col-v-lg-2 gutters-col-v-md-2 gutters-col-v-2\">\n          <!----><\/p>\n<div class=\"h-column h-column-container d-flex h-col-lg-3 h-col-md-6 h-col-12 style-238-outer style-local-76636-c15-outer\">\n<div data-colibri-id=\"76636-c15\" class=\"d-flex h-flex-basis h-column__inner h-px-lg-2 h-px-md-2 h-px-2 v-inner-lg-2 v-inner-md-2 v-inner-2 style-238 style-local-76636-c15 position-relative\">\n              <!----><br \/>\n              <!----><\/p>\n<div class=\"w-100 h-y-container h-column__content h-column__v-align flex-basis-100 align-self-lg-start align-self-md-start align-self-start\">\n                <!----><\/p>\n<div data-colibri-id=\"76636-c16\" class=\"h-icon style-239 style-local-76636-c16 position-relative h-element\">\n                  <!----><span class=\"h-svg-icon h-icon__icon style-239-icon style-local-76636-c16-icon\"><!--Icon by Icons8 Line Awesome (https:\/\/icons8.com\/line-awesome)--><svg version=\"1.1\" xmlns=\"http:\/\/www.w3.org\/2000\/svg\" xmlns:xlink=\"http:\/\/www.w3.org\/1999\/xlink\" id=\"connectdevelop\" viewBox=\"0 0 512 545.5\"><path d=\"M146.5 99h219l4.5 8 100 174.5 4.5 8-4.5 8L370 472l-4.5 8h-219l-4.5-8L42 297.5l-4.5-8 4.5-8L142 107zm39 32l25 26 73-26h-98zm146 0L223 169.5l35 36.5zm-167 1.5l-.5 1V174l30.5-11zm184.5 3l-79.5 82 57 59L391 208zm-201 26L135 184l13-4.5v-18zm58.5 14L164 191v62l23.5 25 59.5-60.5zm-58.5 21l-25.5 9-1 2L148 236v-39.5zM113 222l-38.5 67.5 38 66L148 319v-59.5zm285 2l-60.5 64 38.5 39.5zm-140 5l-59.5 61 57.5 61 59.5-63zm152.5 13.5l-20.5 99 11 11.5 36.5-63.5zm-246.5 34v26l12.5-13zm162.5 23L267 363l8.5 9H367l5.5-25.5zm-139 2L164 325v47h72l9-9zm-39.5 40L120.5 370l1.5 2h26v-30.5zm238 19l-2.5 11.5h6.5l2.5-4.5zM131 388l17 29.5V388h-17zm33 0v57.5l1 2 56-59.5h-57zm79 0l-56.5 60h138l-56-60H243zm47.5 0l56 60 7-12 10-48h-73zm89.5 0l-.5 2.5 1.5-2.5h-1z\"><\/path><\/svg><\/span><\/div>\n<div\n                  data-colibri-id=\"76636-c17\" class=\"h-global-transition-all h-heading style-240 style-local-76636-c17 position-relative h-element\"><br \/>\n                  <!----><\/p>\n<div class=\"h-heading__outer style-240 style-local-76636-c17\">\n                    <!----><br \/>\n                    <!----><\/p>\n<h4 class=\"\">Billeteras digitales<\/h4>\n<\/p><\/div>\n<\/p><\/div>\n<div data-colibri-id=\"76636-c18\" class=\"h-text h-text-component style-241 style-local-76636-c18 position-relative h-element\">\n                <!----><br \/>\n                <!----><\/p>\n<div class=\"\">\n<p>Soluciones de billetera electr\u00f3nica, m\u00f3vil y en la nube, integradas para mercados y sistemas de circuito cerrado.<\/p>\n<\/p><\/div>\n<\/p><\/div>\n<div data-colibri-id=\"76636-c19\" class=\"h-x-container style-242 style-local-76636-c19 position-relative h-element\">\n                <!----><\/p>\n<div class=\"h-x-container-inner style-dynamic-76636-c19-group style-242-spacing style-local-76636-c19-spacing\"><span class=\"h-button__outer style-243-outer style-local-76636-c20-outer d-inline-flex h-element\"><a h-use-smooth-scroll=\"true\" href=\"https:\/\/ezpayconnect.com\/?page_id=76837\"  data-colibri-id=\"76636-c20\" class=\"d-flex w-100 align-items-center h-button justify-content-lg-center justify-content-md-center justify-content-center style-243 style-local-76636-c20 position-relative\"><!----><!----> <span>Ver mas<\/span><\/a><br \/>\n                  <\/span>\n                <\/div>\n<\/p><\/div>\n<\/p><\/div>\n<\/p><\/div>\n<\/p><\/div>\n<div class=\"h-column h-column-container d-flex h-col-lg-3 h-col-md-6 h-col-12 style-238-outer style-local-76636-c21-outer\">\n<div data-colibri-id=\"76636-c21\" class=\"d-flex h-flex-basis h-column__inner h-px-lg-2 h-px-md-2 h-px-2 v-inner-lg-2 v-inner-md-2 v-inner-2 style-238 style-local-76636-c21 position-relative\">\n            <!----><br \/>\n            <!----><\/p>\n<div class=\"w-100 h-y-container h-column__content h-column__v-align flex-basis-100 align-self-lg-start align-self-md-start align-self-start\">\n              <!----><\/p>\n<div data-colibri-id=\"76636-c22\" class=\"h-icon style-239 style-local-76636-c22 position-relative h-element\">\n                <!----><span class=\"h-svg-icon h-icon__icon style-239-icon style-local-76636-c22-icon\"><!--Icon by Icons8 Line Awesome (https:\/\/icons8.com\/line-awesome)--><svg version=\"1.1\" xmlns=\"http:\/\/www.w3.org\/2000\/svg\" xmlns:xlink=\"http:\/\/www.w3.org\/1999\/xlink\" id=\"connectdevelop\" viewBox=\"0 0 512 545.5\"><path d=\"M146.5 99h219l4.5 8 100 174.5 4.5 8-4.5 8L370 472l-4.5 8h-219l-4.5-8L42 297.5l-4.5-8 4.5-8L142 107zm39 32l25 26 73-26h-98zm146 0L223 169.5l35 36.5zm-167 1.5l-.5 1V174l30.5-11zm184.5 3l-79.5 82 57 59L391 208zm-201 26L135 184l13-4.5v-18zm58.5 14L164 191v62l23.5 25 59.5-60.5zm-58.5 21l-25.5 9-1 2L148 236v-39.5zM113 222l-38.5 67.5 38 66L148 319v-59.5zm285 2l-60.5 64 38.5 39.5zm-140 5l-59.5 61 57.5 61 59.5-63zm152.5 13.5l-20.5 99 11 11.5 36.5-63.5zm-246.5 34v26l12.5-13zm162.5 23L267 363l8.5 9H367l5.5-25.5zm-139 2L164 325v47h72l9-9zm-39.5 40L120.5 370l1.5 2h26v-30.5zm238 19l-2.5 11.5h6.5l2.5-4.5zM131 388l17 29.5V388h-17zm33 0v57.5l1 2 56-59.5h-57zm79 0l-56.5 60h138l-56-60H243zm47.5 0l56 60 7-12 10-48h-73zm89.5 0l-.5 2.5 1.5-2.5h-1z\"><\/path><\/svg><\/span><\/div>\n<div\n                data-colibri-id=\"76636-c23\" class=\"h-global-transition-all h-heading style-240 style-local-76636-c23 position-relative h-element\"><br \/>\n                <!----><\/p>\n<div class=\"h-heading__outer style-240 style-local-76636-c23\">\n                  <!----><br \/>\n                  <!----><\/p>\n<h4 class=\"\">Banca digital<\/h4>\n<\/p><\/div>\n<\/p><\/div>\n<div data-colibri-id=\"76636-c24\" class=\"h-text h-text-component style-241 style-local-76636-c24 position-relative h-element\">\n              <!----><br \/>\n              <!----><\/p>\n<div class=\"\">\n<p>Plataformas de banca digital, neobancos y aplicaciones m\u00f3viles con soluciones de marca blanca y banca en la nube.<\/p>\n<\/p><\/div>\n<\/p><\/div>\n<div data-colibri-id=\"76636-c25\" class=\"h-x-container style-244 style-local-76636-c25 position-relative h-element\">\n              <!----><\/p>\n<div class=\"h-x-container-inner style-dynamic-76636-c25-group style-244-spacing style-local-76636-c25-spacing\"><span class=\"h-button__outer style-243-outer style-local-76636-c26-outer d-inline-flex h-element\"><a h-use-smooth-scroll=\"true\" href=\"https:\/\/ezpayconnect.com\/?page_id=76847\"  data-colibri-id=\"76636-c26\" class=\"d-flex w-100 align-items-center h-button justify-content-lg-center justify-content-md-center justify-content-center style-243 style-local-76636-c26 position-relative\"><!----><!----> <span>Ver mas<\/span><\/a><br \/>\n                <\/span>\n              <\/div>\n<\/p><\/div>\n<\/p><\/div>\n<\/p><\/div>\n<\/p><\/div>\n<div class=\"h-column h-column-container d-flex h-col-lg-3 h-col-md-6 h-col-12 style-238-outer style-local-76636-c27-outer\">\n<div data-colibri-id=\"76636-c27\" class=\"d-flex h-flex-basis h-column__inner h-px-lg-2 h-px-md-2 h-px-2 v-inner-lg-2 v-inner-md-2 v-inner-2 style-238 style-local-76636-c27 position-relative\">\n          <!----><br \/>\n          <!----><\/p>\n<div class=\"w-100 h-y-container h-column__content h-column__v-align flex-basis-100 align-self-lg-start align-self-md-start align-self-start\">\n            <!----><\/p>\n<div data-colibri-id=\"76636-c28\" class=\"h-icon style-239 style-local-76636-c28 position-relative h-element\">\n              <!----><span class=\"h-svg-icon h-icon__icon style-239-icon style-local-76636-c28-icon\"><!--Icon by Icons8 Line Awesome (https:\/\/icons8.com\/line-awesome)--><svg version=\"1.1\" xmlns=\"http:\/\/www.w3.org\/2000\/svg\" xmlns:xlink=\"http:\/\/www.w3.org\/1999\/xlink\" id=\"connectdevelop\" viewBox=\"0 0 512 545.5\"><path d=\"M146.5 99h219l4.5 8 100 174.5 4.5 8-4.5 8L370 472l-4.5 8h-219l-4.5-8L42 297.5l-4.5-8 4.5-8L142 107zm39 32l25 26 73-26h-98zm146 0L223 169.5l35 36.5zm-167 1.5l-.5 1V174l30.5-11zm184.5 3l-79.5 82 57 59L391 208zm-201 26L135 184l13-4.5v-18zm58.5 14L164 191v62l23.5 25 59.5-60.5zm-58.5 21l-25.5 9-1 2L148 236v-39.5zM113 222l-38.5 67.5 38 66L148 319v-59.5zm285 2l-60.5 64 38.5 39.5zm-140 5l-59.5 61 57.5 61 59.5-63zm152.5 13.5l-20.5 99 11 11.5 36.5-63.5zm-246.5 34v26l12.5-13zm162.5 23L267 363l8.5 9H367l5.5-25.5zm-139 2L164 325v47h72l9-9zm-39.5 40L120.5 370l1.5 2h26v-30.5zm238 19l-2.5 11.5h6.5l2.5-4.5zM131 388l17 29.5V388h-17zm33 0v57.5l1 2 56-59.5h-57zm79 0l-56.5 60h138l-56-60H243zm47.5 0l56 60 7-12 10-48h-73zm89.5 0l-.5 2.5 1.5-2.5h-1z\"><\/path><\/svg><\/span><\/div>\n<div\n              data-colibri-id=\"76636-c29\" class=\"h-global-transition-all h-heading style-240 style-local-76636-c29 position-relative h-element\"><br \/>\n              <!----><\/p>\n<div class=\"h-heading__outer style-240 style-local-76636-c29\">\n                <!----><br \/>\n                <!----><\/p>\n<h4 class=\"\">Pagos y transacciones<\/h4>\n<\/p><\/div>\n<\/p><\/div>\n<div data-colibri-id=\"76636-c30\" class=\"h-text h-text-component style-241 style-local-76636-c30 position-relative h-element\">\n            <!----><br \/>\n            <!----><\/p>\n<div class=\"\">\n<p>Infraestructura segura para el procesamiento de transacciones, pagos globales y transferencias de dinero en tiempo real.<\/p>\n<\/p><\/div>\n<\/p><\/div>\n<div data-colibri-id=\"76636-c31\" class=\"h-x-container style-245 style-local-76636-c31 position-relative h-element\">\n            <!----><\/p>\n<div class=\"h-x-container-inner style-dynamic-76636-c31-group style-245-spacing style-local-76636-c31-spacing\"><span class=\"h-button__outer style-243-outer style-local-76636-c32-outer d-inline-flex h-element\"><a h-use-smooth-scroll=\"true\" href=\"https:\/\/ezpayconnect.com\/?page_id=76856\"  data-colibri-id=\"76636-c32\" class=\"d-flex w-100 align-items-center h-button justify-content-lg-center justify-content-md-center justify-content-center style-243 style-local-76636-c32 position-relative\"><!----><!----> <span>Ver mas<\/span><\/a><br \/>\n              <\/span>\n            <\/div>\n<\/p><\/div>\n<\/p><\/div>\n<\/p><\/div>\n<\/p><\/div>\n<div class=\"h-column h-column-container d-flex h-col-lg-3 h-col-md-6 h-col-12 style-238-outer style-local-76636-c33-outer\">\n<div data-colibri-id=\"76636-c33\" class=\"d-flex h-flex-basis h-column__inner h-px-lg-2 h-px-md-2 h-px-2 v-inner-lg-2 v-inner-md-2 v-inner-2 style-238 style-local-76636-c33 position-relative\">\n        <!----><br \/>\n        <!----><\/p>\n<div class=\"w-100 h-y-container h-column__content h-column__v-align flex-basis-100 align-self-lg-start align-self-md-start align-self-start\">\n          <!----><\/p>\n<div data-colibri-id=\"76636-c34\" class=\"h-icon style-239 style-local-76636-c34 position-relative h-element\">\n            <!----><span class=\"h-svg-icon h-icon__icon style-239-icon style-local-76636-c34-icon\"><!--Icon by Icons8 Line Awesome (https:\/\/icons8.com\/line-awesome)--><svg version=\"1.1\" xmlns=\"http:\/\/www.w3.org\/2000\/svg\" xmlns:xlink=\"http:\/\/www.w3.org\/1999\/xlink\" id=\"connectdevelop\" viewBox=\"0 0 512 545.5\"><path d=\"M146.5 99h219l4.5 8 100 174.5 4.5 8-4.5 8L370 472l-4.5 8h-219l-4.5-8L42 297.5l-4.5-8 4.5-8L142 107zm39 32l25 26 73-26h-98zm146 0L223 169.5l35 36.5zm-167 1.5l-.5 1V174l30.5-11zm184.5 3l-79.5 82 57 59L391 208zm-201 26L135 184l13-4.5v-18zm58.5 14L164 191v62l23.5 25 59.5-60.5zm-58.5 21l-25.5 9-1 2L148 236v-39.5zM113 222l-38.5 67.5 38 66L148 319v-59.5zm285 2l-60.5 64 38.5 39.5zm-140 5l-59.5 61 57.5 61 59.5-63zm152.5 13.5l-20.5 99 11 11.5 36.5-63.5zm-246.5 34v26l12.5-13zm162.5 23L267 363l8.5 9H367l5.5-25.5zm-139 2L164 325v47h72l9-9zm-39.5 40L120.5 370l1.5 2h26v-30.5zm238 19l-2.5 11.5h6.5l2.5-4.5zM131 388l17 29.5V388h-17zm33 0v57.5l1 2 56-59.5h-57zm79 0l-56.5 60h138l-56-60H243zm47.5 0l56 60 7-12 10-48h-73zm89.5 0l-.5 2.5 1.5-2.5h-1z\"><\/path><\/svg><\/span><\/div>\n<div\n            data-colibri-id=\"76636-c35\" class=\"h-global-transition-all h-heading style-240 style-local-76636-c35 position-relative h-element\"><br \/>\n            <!----><\/p>\n<div class=\"h-heading__outer style-240 style-local-76636-c35\">\n              <!----><br \/>\n              <!----><\/p>\n<h4 class=\"\">Finanzas avanzadas<\/h4>\n<\/p><\/div>\n<\/p><\/div>\n<div data-colibri-id=\"76636-c36\" class=\"h-text h-text-component style-241 style-local-76636-c36 position-relative h-element\">\n          <!----><br \/>\n          <!----><\/p>\n<div class=\"\">\n<p>Soluciones de finanzas integradas, banca criptogr\u00e1fica, conversi\u00f3n de criptomonedas y cambio de divisas.<\/p>\n<\/p><\/div>\n<\/p><\/div>\n<div data-colibri-id=\"76636-c37\" class=\"h-x-container style-246 style-local-76636-c37 position-relative h-element\">\n          <!----><\/p>\n<div class=\"h-x-container-inner style-dynamic-76636-c37-group style-246-spacing style-local-76636-c37-spacing\"><span class=\"h-button__outer style-243-outer style-local-76636-c38-outer d-inline-flex h-element\"><a h-use-smooth-scroll=\"true\" href=\"https:\/\/ezpayconnect.com\/?page_id=76865\"  data-colibri-id=\"76636-c38\" class=\"d-flex w-100 align-items-center h-button justify-content-lg-center justify-content-md-center justify-content-center style-243 style-local-76636-c38 position-relative\"><!----><!----> <span>Ver mas<\/span><\/a><br \/>\n            <\/span>\n          <\/div>\n<\/p><\/div>\n<\/p><\/div>\n<\/p><\/div>\n<\/p><\/div>\n<\/div>\n<\/div>\n<\/div>\n<\/div>\n<\/div>\n","protected":false},"excerpt":{"rendered":"<p>About us Disfruta del mejor dise\u00f1o y funciones combinadas Disfruta del mejor dise\u00f1o y funciones combinadas en una sola plataforma, creada para ofrecerte una experiencia moderna, intuitiva y eficiente que se adapta a las necesidades de tu negocio financiero. Tecnolog\u00eda financiera que impulsa tu negocio Desarrollamos soluciones de tecnolog\u00eda financiera seguras, escalables y modernas que integran billeteras digitales, banca electr\u00f3nica, pagos globales y finanzas avanzadas en una sola plataforma. Billeteras digitales Soluciones de billetera electr\u00f3nica, m\u00f3vil y en la nube, integradas para mercados y sistemas de circuito cerrado. Ver mas Banca digital Plataformas de banca digital, neobancos y aplicaciones m\u00f3viles<\/p>\n","protected":false},"author":1,"featured_media":0,"parent":0,"menu_order":0,"comment_status":"closed","ping_status":"closed","template":"page-templates\/full-width-page.php","meta":{"footnotes":""},"class_list":["post-76636","page","type-page","status-publish","hentry"],"_links":{"self":[{"href":"https:\/\/ezpayconnect.com\/index.php?rest_route=\/wp\/v2\/pages\/76636","targetHints":{"allow":["GET"]}}],"collection":[{"href":"https:\/\/ezpayconnect.com\/index.php?rest_route=\/wp\/v2\/pages"}],"about":[{"href":"https:\/\/ezpayconnect.com\/index.php?rest_route=\/wp\/v2\/types\/page"}],"author":[{"embeddable":true,"href":"https:\/\/ezpayconnect.com\/index.php?rest_route=\/wp\/v2\/users\/1"}],"replies":[{"embeddable":true,"href":"https:\/\/ezpayconnect.com\/index.php?rest_route=%2Fwp%2Fv2%2Fcomments&post=76636"}],"version-history":[{"count":18,"href":"https:\/\/ezpayconnect.com\/index.php?rest_route=\/wp\/v2\/pages\/76636\/revisions"}],"predecessor-version":[{"id":76955,"href":"https:\/\/ezpayconnect.com\/index.php?rest_route=\/wp\/v2\/pages\/76636\/revisions\/76955"}],"wp:attachment":[{"href":"https:\/\/ezpayconnect.com\/index.php?rest_route=%2Fwp%2Fv2%2Fmedia&parent=76636"}],"curies":[{"name":"wp","href":"https:\/\/api.w.org\/{rel}","templated":true}]}}