{"id":126,"date":"2023-01-23T20:09:08","date_gmt":"2023-01-23T20:09:08","guid":{"rendered":"https:\/\/ezpayconnect.com\/wp\/?page_id=126"},"modified":"2023-01-23T20:09:43","modified_gmt":"2023-01-23T20:09:43","slug":"informacion-general","status":"publish","type":"page","link":"https:\/\/ezpayconnect.com\/?page_id=126","title":{"rendered":"INFORMACION GENERAL"},"content":{"rendered":"\n<p>Por favor tome en cuenta las siguientes instrucciones si usted ha RENTADO un Monedero Virtual de EZPayConnect.<\/p>\n\n\n\n<p>1) El Monedero Virtual es para utilizar en el pa\u00eds que usted seleccione, al momento de enviar su solicitud.<\/p>\n\n\n\n<p>2) El Monedero Virtual no tiene ning\u00fan cargo si recibe como m\u00ednimo una recarga por mes, de lo contrario se debitar\u00e1 del saldo del monedero el monto de $5 por servicio del siguiente mes.<\/p>\n\n\n\n<p>3) El &nbsp;Monedero Virtual &nbsp;puede ser cancelado si no tiene ninguna recarga en 30 d\u00edas y si no tiene servicio anual.<\/p>\n\n\n\n<p>4) Las compras a trav\u00e9s del monedero virtual no tiene ning\u00fan cargo por transacci\u00f3n.<\/p>\n\n\n\n<p>5) El Monedero Virtual debe ser utilizada en la red de empresas afiliadas a EZPayConnect en el pa\u00eds de residencia de su usuario.<\/p>\n\n\n\n<p>6) El monedero virtual no es una tarjeta de cr\u00e9dito o debito.<\/p>\n\n\n\n<p>7) Si por alguna raz\u00f3n borra su monedero virtual o pierde el archivo de almacenamiento de su Monedero &nbsp;Virtual, tendr\u00e1 que solicitar que se le envi\u00e9 de nuevo. Usted es el responsable de su uso, si se extrav\u00eda o cree que otras personas pudieran tener acceso a su monedero virtual, debe informar de inmediato a las oficinas de EZPayConnect para su debida cancelaci\u00f3n.<\/p>\n\n\n\n<p>8) EZPayConnect no se hace responsable por el uso del monedero virtual durante su extrav\u00edo o robo.<\/p>\n\n\n\n<p>9) EZPayConnect no se hace responsable por reclamos de transacciones operadas en nuestra red de proveedores.<\/p>\n\n\n\n<p>10) EZPayConnect devolver\u00e1 cualquier saldo pendiente del monedero virtual siempre y cuando sea confirmada la identidad del beneficiario.<\/p>\n\n\n\n<p>11) El Monedero Virtual, puede ser cancelado solamente por el arrendatario y en ning\u00fan caso por el usuario a menos que sea la misma persona.<\/p>\n\n\n\n<p>12) Para asuntos de reclamos y devoluciones el arrendatario debe comunicarse directamente con servicio al cliente de EZPayConnect.<\/p>\n\n\n\n<p>13) Una vez se cancele una monedero virtual si se desea un nuevo deber\u00e1 llenar un formulario de solicitud de Monedero Virtual nuevamente.<\/p>\n\n\n\n<p>\u200b<\/p>\n\n\n\n<p>Lea detenidamente las siguientes instrucciones si usted hace una recarga por deposito a las cuenta de Connect LLC.<\/p>\n\n\n\n<p>1) Haga su deposito en cualquiera de los bancos indicados en esta pagina para realizar una recarga de su monedero virutal.<\/p>\n\n\n\n<p>2) Con la boleta de deposito llene el formulario de recarga y envielo, omita el espacio de remesador, ya que usted lo esta haciendo personalmente.<\/p>\n\n\n\n<p>3) Recuerde que para hacer uso del servicio EZPAYConnect LLC debitar\u00e1 de su monto de recarga el servicio de su Monedero Virtual, segun el plan que haya adquirido para su servicio.&nbsp;<\/p>\n\n\n\n<p>4) Debe saber que si usted extravia su boleta de deposito nosotros no podemos reconocer su deposito en nuestras &nbsp;cuentas, si sucediera que perdio su boleta de deposito debera de ir directamente a la agencia del banco en donde realizo el deposito y solicitar una nueva copia de la boleta.<\/p>\n\n\n\n<p>5) Es importante que ingrese numero de tel\u00e9fono tanto suyo como el del Usuario del Monedero Virtual ya que sera por ese medio a donde enviaremos el mensaje indicando los pormenores de su recarga.<\/p>\n\n\n\n<p>7) Si su destinatario extraviara de alguna forma la informacion de su Mondero Viritual no nos hacemos responsables si alguien mas hizo uso de la mismo y el consumo el saldo que esta tenia, por lo que si esto sucediera usted puede reportarla inmediamente para que nuestro sistema lo bloquee, y se respetara el saldo que la misma tenga al momento de hacer dicho bloqueo.<\/p>\n\n\n\n<p>8) Si su destinatario extraviara la informacion de su monedero Virtual &nbsp;podemos reponerlo pero se le aplicara un costo por este servicio, deduciendose del saldo que tenga la tarjeta o bien usted puede hacer el pago de la reposicion.<\/p>\n\n\n\n<p>9) No nos hacemos responsables por demoras que se puedan dar y que esten fuera de nuestro alcance, tales como conexion a internet por nuestros proveedores del servicio, horarios de cierre de los proveedores, etc.<\/p>\n\n\n\n<p>10) Al realizar su renta o recarga en su monedero virtual damos por entendido que usted leyo estas instrucciones y que esta completamente de acuerdo con ellas.<\/p>\n","protected":false},"excerpt":{"rendered":"<p>Por favor tome en cuenta las siguientes instrucciones si usted ha RENTADO un Monedero Virtual de EZPayConnect. 1) El Monedero Virtual es para utilizar en el pa\u00eds que usted seleccione, al momento de enviar su solicitud. 2) El Monedero Virtual no tiene ning\u00fan cargo si recibe como m\u00ednimo una recarga por mes, de lo contrario se debitar\u00e1 del saldo del monedero el monto de $5 por servicio del siguiente mes. 3) El &nbsp;Monedero Virtual &nbsp;puede ser cancelado si no tiene ninguna recarga en 30 d\u00edas y si no tiene servicio anual. 4) Las compras a trav\u00e9s del monedero virtual no<\/p>\n","protected":false},"author":1,"featured_media":0,"parent":70,"menu_order":-4,"comment_status":"closed","ping_status":"closed","template":"","meta":{"footnotes":""},"class_list":["post-126","page","type-page","status-publish","hentry"],"_links":{"self":[{"href":"https:\/\/ezpayconnect.com\/index.php?rest_route=\/wp\/v2\/pages\/126","targetHints":{"allow":["GET"]}}],"collection":[{"href":"https:\/\/ezpayconnect.com\/index.php?rest_route=\/wp\/v2\/pages"}],"about":[{"href":"https:\/\/ezpayconnect.com\/index.php?rest_route=\/wp\/v2\/types\/page"}],"author":[{"embeddable":true,"href":"https:\/\/ezpayconnect.com\/index.php?rest_route=\/wp\/v2\/users\/1"}],"replies":[{"embeddable":true,"href":"https:\/\/ezpayconnect.com\/index.php?rest_route=%2Fwp%2Fv2%2Fcomments&post=126"}],"version-history":[{"count":1,"href":"https:\/\/ezpayconnect.com\/index.php?rest_route=\/wp\/v2\/pages\/126\/revisions"}],"predecessor-version":[{"id":127,"href":"https:\/\/ezpayconnect.com\/index.php?rest_route=\/wp\/v2\/pages\/126\/revisions\/127"}],"up":[{"embeddable":true,"href":"https:\/\/ezpayconnect.com\/index.php?rest_route=\/wp\/v2\/pages\/70"}],"wp:attachment":[{"href":"https:\/\/ezpayconnect.com\/index.php?rest_route=%2Fwp%2Fv2%2Fmedia&parent=126"}],"curies":[{"name":"wp","href":"https:\/\/api.w.org\/{rel}","templated":true}]}}